{"id":1305,"date":"2017-01-11T14:36:35","date_gmt":"2017-01-11T13:36:35","guid":{"rendered":"http:\/\/dzaebel-fahrzeugtechnik.de\/wordpress\/?page_id=1305"},"modified":"2026-02-10T20:07:55","modified_gmt":"2026-02-10T19:07:55","slug":"reparatur","status":"publish","type":"page","link":"https:\/\/dzaebel-fahrzeugtechnik.de\/wordpress\/reparatur\/","title":{"rendered":"Impressum"},"content":{"rendered":"<div class=\"wpb-content-wrapper\"><p>[vc_row][vc_column][vc_column_text css=&#8220;&#8220;]<\/p>\n<h2>Impressum<\/h2>\n<p>&nbsp;<\/p>\n<p><strong>Angaben gem\u00e4\u00df \u00a7 5 TMG:<\/strong><\/p>\n<p>Thomas Dz\u00e4bel Fahrzeugtechnik<\/p>\n<p>Bohnenkamp 3<br \/>\n38667 Bad Harzburg<\/p>\n<p><strong>Kontakt:<\/strong><\/p>\n<p>Telefon:\u00a005346 \u00b7 9179377<br \/>\nE-Mail: service (at) dzaebel-fahrzeugtechnik.de<\/p>\n<p>&nbsp;<\/p>\n<p><strong>Gestaltung:<\/strong><\/p>\n<p><a href=\"https:\/\/sebastian-schollmeyer.de\" target=\"_blank\" rel=\"noopener\">sebastian-schollmeyer.de<\/a><\/p>\n<p>&nbsp;<\/p>\n<h2>Datenschutzerkl\u00e4rung<\/h2>\n<p>&nbsp;<\/p>\n<p>Quelle: <a href=\"https:\/\/www.e-recht24.de\/\" target=\"_blank\" rel=\"noopener\">https:\/\/www.e-recht24.de<\/a><\/p>\n<p><strong>Datenschutz<\/strong><\/p>\n<p>Die Betreiber dieser Seiten nehmen den Schutz Ihrer pers\u00f6nlichen Daten sehr ernst. Wir behandeln Ihre personenbezogenen Daten vertraulich und entsprechend der gesetzlichen Datenschutzvorschriften sowie dieser Datenschutzerkl\u00e4rung.<\/p>\n<p>Die Nutzung unserer Webseite ist in der Regel ohne Angabe personenbezogener Daten m\u00f6glich. Soweit auf unseren Seiten personenbezogene Daten (beispielsweise Name, Anschrift oder E-Mail-Adressen) erhoben werden, erfolgt dies, soweit m\u00f6glich, stets auf freiwilliger Basis. Diese Daten werden ohne Ihre ausdr\u00fcckliche Zustimmung nicht an Dritte weitergegeben.<\/p>\n<p>Wir weisen darauf hin, dass die Daten\u00fcbertragung im Internet (z.B. bei der Kommunikation per E-Mail) Sicherheitsl\u00fccken aufweisen kann. Ein l\u00fcckenloser Schutz der Daten vor dem Zugriff durch Dritte ist nicht m\u00f6glich.<\/p>\n<p>[\/vc_column_text][\/vc_column][\/vc_row]<\/p>\n<\/div>","protected":false},"excerpt":{"rendered":"<p>[vc_row][vc_column][vc_column_text css=&#8220;&#8220;] Impressum &nbsp; Angaben gem\u00e4\u00df \u00a7 5 TMG: Thomas Dz\u00e4bel Fahrzeugtechnik Bohnenkamp 3 38667 Bad Harzburg Kontakt: Telefon:\u00a005346 \u00b7 9179377 E-Mail: service (at) dzaebel-fahrzeugtechnik.de &nbsp; Gestaltung: sebastian-schollmeyer.de &nbsp; Datenschutzerkl\u00e4rung &nbsp; Quelle: https:\/\/www.e-recht24.de Datenschutz Die Betreiber dieser Seiten nehmen den Schutz Ihrer pers\u00f6nlichen Daten sehr ernst. Wir behandeln Ihre personenbezogenen Daten vertraulich und entsprechend der&hellip;<\/p>\n","protected":false},"author":1,"featured_media":0,"parent":0,"menu_order":0,"comment_status":"closed","ping_status":"closed","template":"","meta":{"advanced_seo_description":"","jetpack_seo_html_title":"","jetpack_seo_noindex":false,"jetpack_post_was_ever_published":false,"footnotes":""},"class_list":["post-1305","page","type-page","status-publish","hentry","description-off"],"jetpack_sharing_enabled":true,"jetpack_shortlink":"https:\/\/wp.me\/P8hDq1-l3","jetpack-related-posts":[],"_links":{"self":[{"href":"https:\/\/dzaebel-fahrzeugtechnik.de\/wordpress\/wp-json\/wp\/v2\/pages\/1305","targetHints":{"allow":["GET"]}}],"collection":[{"href":"https:\/\/dzaebel-fahrzeugtechnik.de\/wordpress\/wp-json\/wp\/v2\/pages"}],"about":[{"href":"https:\/\/dzaebel-fahrzeugtechnik.de\/wordpress\/wp-json\/wp\/v2\/types\/page"}],"author":[{"embeddable":true,"href":"https:\/\/dzaebel-fahrzeugtechnik.de\/wordpress\/wp-json\/wp\/v2\/users\/1"}],"replies":[{"embeddable":true,"href":"https:\/\/dzaebel-fahrzeugtechnik.de\/wordpress\/wp-json\/wp\/v2\/comments?post=1305"}],"version-history":[{"count":16,"href":"https:\/\/dzaebel-fahrzeugtechnik.de\/wordpress\/wp-json\/wp\/v2\/pages\/1305\/revisions"}],"predecessor-version":[{"id":1586,"href":"https:\/\/dzaebel-fahrzeugtechnik.de\/wordpress\/wp-json\/wp\/v2\/pages\/1305\/revisions\/1586"}],"wp:attachment":[{"href":"https:\/\/dzaebel-fahrzeugtechnik.de\/wordpress\/wp-json\/wp\/v2\/media?parent=1305"}],"curies":[{"name":"wp","href":"https:\/\/api.w.org\/{rel}","templated":true}]}}