{"id":10,"date":"2017-01-09T20:40:14","date_gmt":"2017-01-09T19:40:14","guid":{"rendered":"http:\/\/dzaebel-fahrzeugtechnik.de\/wordpress\/?page_id=10"},"modified":"2025-09-11T15:38:53","modified_gmt":"2025-09-11T13:38:53","slug":"startseite","status":"publish","type":"page","link":"https:\/\/dzaebel-fahrzeugtechnik.de\/wordpress\/","title":{"rendered":"Startseite"},"content":{"rendered":"<div class=\"wpb-content-wrapper\"><p>[vc_row][vc_column][vc_column_text css=&#8220;&#8220;]<\/p>\n<h1 style=\"text-align: center;\"><span style=\"color: #f2f2f2;\">Wir sind Umgezogen:<br \/>\n<\/span><\/h1>\n<h1 style=\"text-align: center;\"><span style=\"color: #f2f2f2;\"><span style=\"caret-color: #ffffff;\">\u00a0<\/span><a style=\"color: #f2f2f2;\" href=\"https:\/\/maps.app.goo.gl\/3w8iF7VAwSPzAcji8\" target=\"_blank\" rel=\"noopener\">Bohnenkamp 3<\/a><\/span><\/h1>\n<h1 style=\"text-align: center;\"><span style=\"color: #f2f2f2;\"><a style=\"color: #f2f2f2;\" href=\"https:\/\/maps.app.goo.gl\/3w8iF7VAwSPzAcji8\" target=\"_blank\" rel=\"noopener\">38667 Bad Harzburg<\/a><\/span><\/h1>\n<p>[\/vc_column_text][vc_separator][\/vc_column][\/vc_row][vc_row][vc_column width=&#8220;1\/3&#8243;][vc_single_image image=&#8220;1325&#8243; img_size=&#8220;full&#8220; alignment=&#8220;center&#8220;][vc_custom_heading text=&#8220;KFZ-MEISTER-SERVICE&#8220; font_container=&#8220;tag:h2|font_size:34|text_align:left|color:%23ffffff&#8220; google_fonts=&#8220;font_family:Oswald%3A300%2Cregular%2C700|font_style:400%20regular%3A400%3Anormal&#8220;][vc_column_text]<\/p>\n<p class=\"p1\"><span style=\"color: #000000;\">Wir bieten Inspektion, Wartung, T\u00dcV und AU f\u00fcr alle Marken, dazu Reifenservice, Batterie- und Bremsenwartung. Wir machen Fahrwerksvermessung und besorgen praktisch jedes n\u00f6tige Ersatzteil.<\/span><\/p>\n<p>[\/vc_column_text][\/vc_column][vc_column width=&#8220;1\/3&#8243;][vc_single_image image=&#8220;1324&#8243; img_size=&#8220;full&#8220;][vc_custom_heading text=&#8220;REPARATUR&#8220; font_container=&#8220;tag:h2|font_size:32|text_align:left|color:%23ffffff&#8220; google_fonts=&#8220;font_family:Oswald%3A300%2Cregular%2C700|font_style:400%20regular%3A400%3Anormal&#8220;][vc_column_text]<\/p>\n<p class=\"p1\"><span style=\"color: #000000;\">Neben Unfallsch\u00e4den, Karosseriearbeiten und Lackierungen k\u00fcmmern wir uns um Getriebe- und Motorinstandsetzung, Fehlerdiagnose und die komplette KFZ-Elektrik. Was k\u00f6nnen wir f\u00fcr Sie tun?<\/span><\/p>\n<p>[\/vc_column_text][\/vc_column][vc_column width=&#8220;1\/3&#8243;][vc_single_image image=&#8220;1326&#8243; img_size=&#8220;full&#8220;][vc_custom_heading text=&#8220;TUNING&#8220; font_container=&#8220;tag:h2|font_size:32|text_align:left|color:%23ffffff&#8220; google_fonts=&#8220;font_family:Oswald%3A300%2Cregular%2C700|font_style:400%20regular%3A400%3Anormal&#8220;][vc_column_text]<\/p>\n<p class=\"p1\"><span style=\"color: #000000;\">F\u00fcr das Extra an Power bieten wir Motor- und Getriebeoptimierung, k\u00fcmmern uns um Abgasanlagen, Felgen und Reifen, so wie um die Fahrwerksabstimmung. Fragen Sie uns!<\/span><\/p>\n<p>[\/vc_column_text][\/vc_column][\/vc_row][vc_row][vc_column][vc_separator][vc_empty_space][vc_column_text]<\/p>\n<h1 style=\"text-align: center;\"><span style=\"color: #ffffff;\">KFZ-HOTLINE: 05346 \u00b7 9179377<\/span><\/h1>\n<p>[\/vc_column_text][vc_empty_space height=&#8220;50px&#8220;][vc_separator][\/vc_column][\/vc_row][vc_row type=&#8220;4&#8243; margin_bottom=&#8220;-100px&#8220; bg_color=&#8220;#606060&#8243; css=&#8220;.vc_custom_1484154037551{background-color: #0c0c0c !important;}&#8220;][vc_column][vc_single_image image=&#8220;1342&#8243; img_size=&#8220;full&#8220; alignment=&#8220;center&#8220;][vc_separator][\/vc_column][\/vc_row]<\/p>\n<\/div>","protected":false},"excerpt":{"rendered":"<p>[vc_row][vc_column][vc_column_text css=&#8220;&#8220;] Wir sind Umgezogen: \u00a0Bohnenkamp 3 38667 Bad Harzburg [\/vc_column_text][vc_separator][\/vc_column][\/vc_row][vc_row][vc_column width=&#8220;1\/3&#8243;][vc_single_image image=&#8220;1325&#8243; img_size=&#8220;full&#8220; alignment=&#8220;center&#8220;][vc_custom_heading text=&#8220;KFZ-MEISTER-SERVICE&#8220; font_container=&#8220;tag:h2|font_size:34|text_align:left|color:%23ffffff&#8220; google_fonts=&#8220;font_family:Oswald%3A300%2Cregular%2C700|font_style:400%20regular%3A400%3Anormal&#8220;][vc_column_text] Wir bieten Inspektion, Wartung, T\u00dcV und AU f\u00fcr alle Marken, dazu Reifenservice, Batterie- und Bremsenwartung. Wir machen Fahrwerksvermessung und besorgen praktisch jedes n\u00f6tige Ersatzteil. [\/vc_column_text][\/vc_column][vc_column width=&#8220;1\/3&#8243;][vc_single_image image=&#8220;1324&#8243; img_size=&#8220;full&#8220;][vc_custom_heading text=&#8220;REPARATUR&#8220; font_container=&#8220;tag:h2|font_size:32|text_align:left|color:%23ffffff&#8220; google_fonts=&#8220;font_family:Oswald%3A300%2Cregular%2C700|font_style:400%20regular%3A400%3Anormal&#8220;][vc_column_text] Neben Unfallsch\u00e4den, Karosseriearbeiten und Lackierungen k\u00fcmmern&hellip;<\/p>\n","protected":false},"author":1,"featured_media":31,"parent":0,"menu_order":0,"comment_status":"closed","ping_status":"closed","template":"","meta":{"advanced_seo_description":"","jetpack_seo_html_title":"","jetpack_seo_noindex":false,"jetpack_post_was_ever_published":false,"footnotes":""},"class_list":["post-10","page","type-page","status-publish","has-post-thumbnail","hentry","description-off"],"jetpack_sharing_enabled":true,"jetpack_shortlink":"https:\/\/wp.me\/P8hDq1-a","jetpack-related-posts":[],"_links":{"self":[{"href":"https:\/\/dzaebel-fahrzeugtechnik.de\/wordpress\/wp-json\/wp\/v2\/pages\/10","targetHints":{"allow":["GET"]}}],"collection":[{"href":"https:\/\/dzaebel-fahrzeugtechnik.de\/wordpress\/wp-json\/wp\/v2\/pages"}],"about":[{"href":"https:\/\/dzaebel-fahrzeugtechnik.de\/wordpress\/wp-json\/wp\/v2\/types\/page"}],"author":[{"embeddable":true,"href":"https:\/\/dzaebel-fahrzeugtechnik.de\/wordpress\/wp-json\/wp\/v2\/users\/1"}],"replies":[{"embeddable":true,"href":"https:\/\/dzaebel-fahrzeugtechnik.de\/wordpress\/wp-json\/wp\/v2\/comments?post=10"}],"version-history":[{"count":85,"href":"https:\/\/dzaebel-fahrzeugtechnik.de\/wordpress\/wp-json\/wp\/v2\/pages\/10\/revisions"}],"predecessor-version":[{"id":1576,"href":"https:\/\/dzaebel-fahrzeugtechnik.de\/wordpress\/wp-json\/wp\/v2\/pages\/10\/revisions\/1576"}],"wp:featuredmedia":[{"embeddable":true,"href":"https:\/\/dzaebel-fahrzeugtechnik.de\/wordpress\/wp-json\/wp\/v2\/media\/31"}],"wp:attachment":[{"href":"https:\/\/dzaebel-fahrzeugtechnik.de\/wordpress\/wp-json\/wp\/v2\/media?parent=10"}],"curies":[{"name":"wp","href":"https:\/\/api.w.org\/{rel}","templated":true}]}}